{"id":147,"date":"2023-03-03T10:05:55","date_gmt":"2023-03-03T10:05:55","guid":{"rendered":"http:\/\/g21.com.pl\/?page_id=147"},"modified":"2023-03-03T13:32:20","modified_gmt":"2023-03-03T13:32:20","slug":"aktualnosci","status":"publish","type":"page","link":"https:\/\/g21.com.pl\/en\/aktualnosci\/","title":{"rendered":"News"},"content":{"rendered":"\t\t<div data-elementor-type=\"wp-page\" data-elementor-id=\"147\" class=\"elementor elementor-147\" data-elementor-post-type=\"page\">\n\t\t\t\t\t\t<section class=\"elementor-section elementor-top-section elementor-element elementor-element-4e33f5c elementor-section-boxed elementor-section-height-default elementor-section-height-default\" data-id=\"4e33f5c\" data-element_type=\"section\" data-e-type=\"section\" data-settings=\"{&quot;background_background&quot;:&quot;classic&quot;,&quot;background_motion_fx_motion_fx_scrolling&quot;:&quot;yes&quot;,&quot;background_motion_fx_translateY_effect&quot;:&quot;yes&quot;,&quot;background_motion_fx_translateY_speed&quot;:{&quot;unit&quot;:&quot;px&quot;,&quot;size&quot;:7.79999999999999982236431605997495353221893310546875,&quot;sizes&quot;:[]},&quot;background_motion_fx_translateY_affectedRange&quot;:{&quot;unit&quot;:&quot;%&quot;,&quot;size&quot;:&quot;&quot;,&quot;sizes&quot;:{&quot;start&quot;:0,&quot;end&quot;:100}},&quot;background_motion_fx_devices&quot;:[&quot;desktop&quot;,&quot;tablet&quot;,&quot;mobile&quot;]}\">\n\t\t\t\t\t\t\t<div class=\"elementor-background-overlay\"><\/div>\n\t\t\t\t\t\t\t<div class=\"elementor-container elementor-column-gap-default\">\n\t\t\t\t\t<div class=\"elementor-column elementor-col-100 elementor-top-column elementor-element elementor-element-35c6968\" data-id=\"35c6968\" data-element_type=\"column\" data-e-type=\"column\">\n\t\t\t<div class=\"elementor-widget-wrap elementor-element-populated\">\n\t\t\t\t\t\t<div class=\"elementor-element elementor-element-03c3d0f elementor-widget elementor-widget-heading\" data-id=\"03c3d0f\" data-element_type=\"widget\" data-e-type=\"widget\" data-widget_type=\"heading.default\">\n\t\t\t\t<div class=\"elementor-widget-container\">\n\t\t\t\t\t<h2 class=\"elementor-heading-title elementor-size-default\">Aktualno\u015bci\n\n<\/h2>\t\t\t\t<\/div>\n\t\t\t\t<\/div>\n\t\t\t\t<div class=\"elementor-element elementor-element-467da2e elementor-widget elementor-widget-heading\" data-id=\"467da2e\" data-element_type=\"widget\" data-e-type=\"widget\" data-widget_type=\"heading.default\">\n\t\t\t\t<div class=\"elementor-widget-container\">\n\t\t\t\t\t<h2 class=\"elementor-heading-title elementor-size-default\">NAJNOWSZE INFORMACJE\n\n<\/h2>\t\t\t\t<\/div>\n\t\t\t\t<\/div>\n\t\t\t\t\t<\/div>\n\t\t<\/div>\n\t\t\t\t\t<\/div>\n\t\t<\/section>\n\t\t\t\t<section class=\"elementor-section elementor-top-section elementor-element elementor-element-966a67e elementor-section-boxed elementor-section-height-default elementor-section-height-default\" data-id=\"966a67e\" data-element_type=\"section\" data-e-type=\"section\">\n\t\t\t\t\t\t<div class=\"elementor-container elementor-column-gap-default\">\n\t\t\t\t\t<div class=\"elementor-column elementor-col-100 elementor-top-column elementor-element elementor-element-b6f99b6\" data-id=\"b6f99b6\" data-element_type=\"column\" data-e-type=\"column\">\n\t\t\t<div class=\"elementor-widget-wrap elementor-element-populated\">\n\t\t\t\t\t\t<div class=\"elementor-element elementor-element-b041407 elementor-widget elementor-widget-uael-posts\" data-id=\"b041407\" data-element_type=\"widget\" data-e-type=\"widget\" data-settings=\"{&quot;feed_slides_to_show_tablet&quot;:2,&quot;feed_slides_to_show_mobile&quot;:1,&quot;feed_show_filters&quot;:&quot;no&quot;}\" data-widget_type=\"uael-posts.feed\">\n\t\t\t\t<div class=\"elementor-widget-container\">\n\t\t\t\t\t\t\t<div class=\"uael-post__header\">\n\t\t\t\t\t<\/div>\n\t\t<div class=\"uael-post__body\">\n\t\t\t\n\t\t\n\t\t<div class=\"uael-post-grid uael-posts\" data-query-type=\"custom\" data-structure=\"\" data-layout=\"\" data-page=\"147\" data-skin=\"feed\" data-filter-default=\"\" data-offset-top=\"30\" >\n\n\t\t\t\t\t\t\t<div class=\"uael-post-grid__inner uael-post__columns-1 uael-post__columns-tablet-1 uael-post__columns-mobile-1\">\n\t\t\t\n\n<div class=\"uael-post-wrapper  aktualno\u015bci \">\n\n\t<div class=\"uael-post__bg-wrap\">\n\t\t\n\t\t\n\t\t<div class=\"uael-post__inner-wrap uael-post__noimage\">\n\n\t\t\n\t\t\t\n\t\t\t<div class=\"uael-post__content-wrap\">\n\n\t\t\t<span class=\"uael-post__terms\"><a href=\"https:\/\/g21.com.pl\/en\/category\/aktualnosci\/\" class=\"uael-listing__terms-link\" id=\"uael-post-term-aktualnosci\" aria-labelledby=\"uael-post-term-aktualnosci\">Aktualno\u015bci<\/a><\/span>\t\t<h3 class=\"uael-post__title\">\n\n\t\t\n\t\t\t\t\t\t<a href=\"https:\/\/g21.com.pl\/en\/aktualnosci\/witamy-na-nowej-odslonie-strony-biurowca-g21\/\" target=\"_self\">\n\t\t\t\tWitamy na nowej ods\u0142onie strony Biurowca G21\t\t\t<\/a>\n\n\t\t\t\t<\/h3>\n\t\t<div class=\"uael-post__separator\"><\/div>\n\t\t<div class=\"uael-post__excerpt\">\n\t\t\tW aktualno\u015bciach b\u0119d\u0105 zamieszczane najnowsze informacje w temacie naszego biurowca.\t\t<\/div>\n\n\t\t\t\t\t<div class=\"uael-post__meta-data\">\n\t\t\t\t\t<span class=\"uael-post__date\">\n\t\t\t\t\t\t\t\t\t\t\t\t\t<i aria-hidden=\"true\" class=\"fa fa-calendar\"><\/i>\t\t\t\t\t\t\t\t\t\n\t\t\tMarch 3, 2023\t\t<\/span>\n\t\t\t\t<\/div>\n\t\t\t\t\t<\/div>\n\t\t\t\n\t\t<\/div>\n\t\t\n\t<\/div>\n\n<\/div>\n\t\t\t\t<\/div>\n\t\t\t\t\t\t\n\t\t<\/div>\n\n\t\t\t\t\t\t<\/div>\n\t\t<div class=\"uael-post__footer\">\n\t\t\t\t\t<\/div>\n\t\t\t\t\t\t<\/div>\n\t\t\t\t<\/div>\n\t\t\t\t\t<\/div>\n\t\t<\/div>\n\t\t\t\t\t<\/div>\n\t\t<\/section>\n\t\t\t\t<\/div>\n\t\t","protected":false},"excerpt":{"rendered":"<p>Aktualno\u015bci NAJNOWSZE INFORMACJE Aktualno\u015bci Witamy na nowej ods\u0142onie strony Biurowca G21 W aktualno\u015bciach b\u0119d\u0105 zamieszczane najnowsze informacje w temacie naszego biurowca. 3 marca, 2023<\/p>","protected":false},"author":1,"featured_media":0,"parent":0,"menu_order":0,"comment_status":"closed","ping_status":"closed","template":"","meta":{"site-sidebar-layout":"no-sidebar","site-content-layout":"page-builder","ast-site-content-layout":"default","site-content-style":"default","site-sidebar-style":"default","ast-global-header-display":"","ast-banner-title-visibility":"","ast-main-header-display":"","ast-hfb-above-header-display":"","ast-hfb-below-header-display":"","ast-hfb-mobile-header-display":"","site-post-title":"disabled","ast-breadcrumbs-content":"","ast-featured-img":"disabled","footer-sml-layout":"","ast-disable-related-posts":"","theme-transparent-header-meta":"","adv-header-id-meta":"","stick-header-meta":"","header-above-stick-meta":"","header-main-stick-meta":"","header-below-stick-meta":"","astra-migrate-meta-layouts":"default","ast-page-background-enabled":"default","ast-page-background-meta":{"desktop":{"background-color":"var(--ast-global-color-4)","background-image":"","background-repeat":"repeat","background-position":"center center","background-size":"auto","background-attachment":"scroll","background-type":"","background-media":"","overlay-type":"","overlay-color":"","overlay-opacity":"","overlay-gradient":""},"tablet":{"background-color":"","background-image":"","background-repeat":"repeat","background-position":"center center","background-size":"auto","background-attachment":"scroll","background-type":"","background-media":"","overlay-type":"","overlay-color":"","overlay-opacity":"","overlay-gradient":""},"mobile":{"background-color":"","background-image":"","background-repeat":"repeat","background-position":"center center","background-size":"auto","background-attachment":"scroll","background-type":"","background-media":"","overlay-type":"","overlay-color":"","overlay-opacity":"","overlay-gradient":""}},"ast-content-background-meta":{"desktop":{"background-color":"var(--ast-global-color-5)","background-image":"","background-repeat":"repeat","background-position":"center center","background-size":"auto","background-attachment":"scroll","background-type":"","background-media":"","overlay-type":"","overlay-color":"","overlay-opacity":"","overlay-gradient":""},"tablet":{"background-color":"var(--ast-global-color-5)","background-image":"","background-repeat":"repeat","background-position":"center center","background-size":"auto","background-attachment":"scroll","background-type":"","background-media":"","overlay-type":"","overlay-color":"","overlay-opacity":"","overlay-gradient":""},"mobile":{"background-color":"var(--ast-global-color-5)","background-image":"","background-repeat":"repeat","background-position":"center center","background-size":"auto","background-attachment":"scroll","background-type":"","background-media":"","overlay-type":"","overlay-color":"","overlay-opacity":"","overlay-gradient":""}},"footnotes":""},"class_list":["post-147","page","type-page","status-publish","hentry"],"yoast_head":"<!-- This site is optimized with the Yoast SEO plugin v26.9 - https:\/\/yoast.com\/product\/yoast-seo-wordpress\/ -->\n<title>Aktualno\u015bci - G21 - biura do wynaj\u0119cia<\/title>\n<meta name=\"robots\" content=\"index, follow, max-snippet:-1, max-image-preview:large, max-video-preview:-1\" \/>\n<link rel=\"canonical\" href=\"https:\/\/g21.com.pl\/en\/aktualnosci\/\" \/>\n<meta property=\"og:locale\" content=\"en_GB\" \/>\n<meta property=\"og:type\" content=\"article\" \/>\n<meta property=\"og:title\" content=\"Aktualno\u015bci - G21 - biura do wynaj\u0119cia\" \/>\n<meta property=\"og:description\" content=\"Aktualno\u015bci NAJNOWSZE INFORMACJE Aktualno\u015bci Witamy na nowej ods\u0142onie strony Biurowca G21 W aktualno\u015bciach b\u0119d\u0105 zamieszczane najnowsze informacje w temacie naszego biurowca. 3 marca, 2023\" \/>\n<meta property=\"og:url\" content=\"https:\/\/g21.com.pl\/en\/aktualnosci\/\" \/>\n<meta property=\"og:site_name\" content=\"G21 - biura do wynaj\u0119cia\" \/>\n<meta property=\"article:modified_time\" content=\"2023-03-03T13:32:20+00:00\" \/>\n<meta name=\"twitter:card\" content=\"summary_large_image\" \/>\n<script type=\"application\/ld+json\" class=\"yoast-schema-graph\">{\"@context\":\"https:\/\/schema.org\",\"@graph\":[{\"@type\":\"WebPage\",\"@id\":\"https:\/\/g21.com.pl\/aktualnosci\/\",\"url\":\"https:\/\/g21.com.pl\/aktualnosci\/\",\"name\":\"Aktualno\u015bci - G21 - biura do wynaj\u0119cia\",\"isPartOf\":{\"@id\":\"https:\/\/g21.com.pl\/en\/#website\"},\"datePublished\":\"2023-03-03T10:05:55+00:00\",\"dateModified\":\"2023-03-03T13:32:20+00:00\",\"breadcrumb\":{\"@id\":\"https:\/\/g21.com.pl\/aktualnosci\/#breadcrumb\"},\"inLanguage\":\"en-GB\",\"potentialAction\":[{\"@type\":\"ReadAction\",\"target\":[\"https:\/\/g21.com.pl\/aktualnosci\/\"]}]},{\"@type\":\"BreadcrumbList\",\"@id\":\"https:\/\/g21.com.pl\/aktualnosci\/#breadcrumb\",\"itemListElement\":[{\"@type\":\"ListItem\",\"position\":1,\"name\":\"Strona g\u0142\u00f3wna\",\"item\":\"https:\/\/g21.com.pl\/\"},{\"@type\":\"ListItem\",\"position\":2,\"name\":\"Aktualno\u015bci\"}]},{\"@type\":\"WebSite\",\"@id\":\"https:\/\/g21.com.pl\/en\/#website\",\"url\":\"https:\/\/g21.com.pl\/en\/\",\"name\":\"G21 - biura do wynaj\u0119cia\",\"description\":\"\",\"publisher\":{\"@id\":\"https:\/\/g21.com.pl\/en\/#organization\"},\"potentialAction\":[{\"@type\":\"SearchAction\",\"target\":{\"@type\":\"EntryPoint\",\"urlTemplate\":\"https:\/\/g21.com.pl\/en\/?s={search_term_string}\"},\"query-input\":{\"@type\":\"PropertyValueSpecification\",\"valueRequired\":true,\"valueName\":\"search_term_string\"}}],\"inLanguage\":\"en-GB\"},{\"@type\":\"Organization\",\"@id\":\"https:\/\/g21.com.pl\/en\/#organization\",\"name\":\"G21 Sp. z o.o.\",\"url\":\"https:\/\/g21.com.pl\/en\/\",\"logo\":{\"@type\":\"ImageObject\",\"inLanguage\":\"en-GB\",\"@id\":\"https:\/\/g21.com.pl\/en\/#\/schema\/logo\/image\/\",\"url\":\"https:\/\/g21.com.pl\/wp-content\/uploads\/2021\/11\/x50d841a02f29e6f600844003ccf3eb35_logog21.png.pagespeed.ic_.0kkdjgo5x1.webp\",\"contentUrl\":\"https:\/\/g21.com.pl\/wp-content\/uploads\/2021\/11\/x50d841a02f29e6f600844003ccf3eb35_logog21.png.pagespeed.ic_.0kkdjgo5x1.webp\",\"width\":359,\"height\":196,\"caption\":\"G21 Sp. z o.o.\"},\"image\":{\"@id\":\"https:\/\/g21.com.pl\/en\/#\/schema\/logo\/image\/\"}}]}<\/script>\n<!-- \/ Yoast SEO plugin. -->","yoast_head_json":{"title":"Aktualno\u015bci - G21 - biura do wynaj\u0119cia","robots":{"index":"index","follow":"follow","max-snippet":"max-snippet:-1","max-image-preview":"max-image-preview:large","max-video-preview":"max-video-preview:-1"},"canonical":"https:\/\/g21.com.pl\/en\/aktualnosci\/","og_locale":"en_GB","og_type":"article","og_title":"Aktualno\u015bci - G21 - biura do wynaj\u0119cia","og_description":"Aktualno\u015bci NAJNOWSZE INFORMACJE Aktualno\u015bci Witamy na nowej ods\u0142onie strony Biurowca G21 W aktualno\u015bciach b\u0119d\u0105 zamieszczane najnowsze informacje w temacie naszego biurowca. 3 marca, 2023","og_url":"https:\/\/g21.com.pl\/en\/aktualnosci\/","og_site_name":"G21 - biura do wynaj\u0119cia","article_modified_time":"2023-03-03T13:32:20+00:00","twitter_card":"summary_large_image","schema":{"@context":"https:\/\/schema.org","@graph":[{"@type":"WebPage","@id":"https:\/\/g21.com.pl\/aktualnosci\/","url":"https:\/\/g21.com.pl\/aktualnosci\/","name":"Aktualno\u015bci - G21 - biura do wynaj\u0119cia","isPartOf":{"@id":"https:\/\/g21.com.pl\/en\/#website"},"datePublished":"2023-03-03T10:05:55+00:00","dateModified":"2023-03-03T13:32:20+00:00","breadcrumb":{"@id":"https:\/\/g21.com.pl\/aktualnosci\/#breadcrumb"},"inLanguage":"en-GB","potentialAction":[{"@type":"ReadAction","target":["https:\/\/g21.com.pl\/aktualnosci\/"]}]},{"@type":"BreadcrumbList","@id":"https:\/\/g21.com.pl\/aktualnosci\/#breadcrumb","itemListElement":[{"@type":"ListItem","position":1,"name":"Strona g\u0142\u00f3wna","item":"https:\/\/g21.com.pl\/"},{"@type":"ListItem","position":2,"name":"Aktualno\u015bci"}]},{"@type":"WebSite","@id":"https:\/\/g21.com.pl\/en\/#website","url":"https:\/\/g21.com.pl\/en\/","name":"G21 - biura do wynaj\u0119cia","description":"","publisher":{"@id":"https:\/\/g21.com.pl\/en\/#organization"},"potentialAction":[{"@type":"SearchAction","target":{"@type":"EntryPoint","urlTemplate":"https:\/\/g21.com.pl\/en\/?s={search_term_string}"},"query-input":{"@type":"PropertyValueSpecification","valueRequired":true,"valueName":"search_term_string"}}],"inLanguage":"en-GB"},{"@type":"Organization","@id":"https:\/\/g21.com.pl\/en\/#organization","name":"G21 Sp. z o.o.","url":"https:\/\/g21.com.pl\/en\/","logo":{"@type":"ImageObject","inLanguage":"en-GB","@id":"https:\/\/g21.com.pl\/en\/#\/schema\/logo\/image\/","url":"https:\/\/g21.com.pl\/wp-content\/uploads\/2021\/11\/x50d841a02f29e6f600844003ccf3eb35_logog21.png.pagespeed.ic_.0kkdjgo5x1.webp","contentUrl":"https:\/\/g21.com.pl\/wp-content\/uploads\/2021\/11\/x50d841a02f29e6f600844003ccf3eb35_logog21.png.pagespeed.ic_.0kkdjgo5x1.webp","width":359,"height":196,"caption":"G21 Sp. z o.o."},"image":{"@id":"https:\/\/g21.com.pl\/en\/#\/schema\/logo\/image\/"}}]}},"_links":{"self":[{"href":"https:\/\/g21.com.pl\/en\/wp-json\/wp\/v2\/pages\/147","targetHints":{"allow":["GET"]}}],"collection":[{"href":"https:\/\/g21.com.pl\/en\/wp-json\/wp\/v2\/pages"}],"about":[{"href":"https:\/\/g21.com.pl\/en\/wp-json\/wp\/v2\/types\/page"}],"author":[{"embeddable":true,"href":"https:\/\/g21.com.pl\/en\/wp-json\/wp\/v2\/users\/1"}],"replies":[{"embeddable":true,"href":"https:\/\/g21.com.pl\/en\/wp-json\/wp\/v2\/comments?post=147"}],"version-history":[{"count":13,"href":"https:\/\/g21.com.pl\/en\/wp-json\/wp\/v2\/pages\/147\/revisions"}],"predecessor-version":[{"id":558,"href":"https:\/\/g21.com.pl\/en\/wp-json\/wp\/v2\/pages\/147\/revisions\/558"}],"wp:attachment":[{"href":"https:\/\/g21.com.pl\/en\/wp-json\/wp\/v2\/media?parent=147"}],"curies":[{"name":"wp","href":"https:\/\/api.w.org\/{rel}","templated":true}]}}