{"id":137,"date":"2023-03-03T10:05:06","date_gmt":"2023-03-03T10:05:06","guid":{"rendered":"http:\/\/g21.com.pl\/?page_id=137"},"modified":"2023-03-03T12:44:02","modified_gmt":"2023-03-03T12:44:02","slug":"lokalizacja","status":"publish","type":"page","link":"https:\/\/g21.com.pl\/en\/lokalizacja\/","title":{"rendered":"Location"},"content":{"rendered":"\t\t<div data-elementor-type=\"wp-page\" data-elementor-id=\"137\" class=\"elementor elementor-137\" data-elementor-post-type=\"page\">\n\t\t\t\t\t\t<section class=\"elementor-section elementor-top-section elementor-element elementor-element-e36effc elementor-section-boxed elementor-section-height-default elementor-section-height-default\" data-id=\"e36effc\" data-element_type=\"section\" data-e-type=\"section\" data-settings=\"{&quot;background_background&quot;:&quot;classic&quot;,&quot;background_motion_fx_motion_fx_scrolling&quot;:&quot;yes&quot;,&quot;background_motion_fx_translateY_effect&quot;:&quot;yes&quot;,&quot;background_motion_fx_translateY_speed&quot;:{&quot;unit&quot;:&quot;px&quot;,&quot;size&quot;:7.79999999999999982236431605997495353221893310546875,&quot;sizes&quot;:[]},&quot;background_motion_fx_translateY_affectedRange&quot;:{&quot;unit&quot;:&quot;%&quot;,&quot;size&quot;:&quot;&quot;,&quot;sizes&quot;:{&quot;start&quot;:0,&quot;end&quot;:100}},&quot;background_motion_fx_devices&quot;:[&quot;desktop&quot;,&quot;tablet&quot;,&quot;mobile&quot;]}\">\n\t\t\t\t\t\t\t<div class=\"elementor-background-overlay\"><\/div>\n\t\t\t\t\t\t\t<div class=\"elementor-container elementor-column-gap-default\">\n\t\t\t\t\t<div class=\"elementor-column elementor-col-100 elementor-top-column elementor-element elementor-element-e538d40\" data-id=\"e538d40\" data-element_type=\"column\" data-e-type=\"column\">\n\t\t\t<div class=\"elementor-widget-wrap elementor-element-populated\">\n\t\t\t\t\t\t<div class=\"elementor-element elementor-element-ee7821d elementor-widget elementor-widget-heading\" data-id=\"ee7821d\" data-element_type=\"widget\" data-e-type=\"widget\" data-widget_type=\"heading.default\">\n\t\t\t\t<div class=\"elementor-widget-container\">\n\t\t\t\t\t<h2 class=\"elementor-heading-title elementor-size-default\">Lokalizacja\n<\/h2>\t\t\t\t<\/div>\n\t\t\t\t<\/div>\n\t\t\t\t<div class=\"elementor-element elementor-element-8b09ef0 elementor-widget elementor-widget-heading\" data-id=\"8b09ef0\" data-element_type=\"widget\" data-e-type=\"widget\" data-widget_type=\"heading.default\">\n\t\t\t\t<div class=\"elementor-widget-container\">\n\t\t\t\t\t<h2 class=\"elementor-heading-title elementor-size-default\">WYMARZONA LOKALIZACJA W PRESTI\u017bOWEJ CZ\u0118\u015aCI KRAKOWA\n<\/h2>\t\t\t\t<\/div>\n\t\t\t\t<\/div>\n\t\t\t\t\t<\/div>\n\t\t<\/div>\n\t\t\t\t\t<\/div>\n\t\t<\/section>\n\t\t\t\t<section class=\"elementor-section elementor-top-section elementor-element elementor-element-ac72350 elementor-section-boxed elementor-section-height-default elementor-section-height-default\" data-id=\"ac72350\" data-element_type=\"section\" data-e-type=\"section\">\n\t\t\t\t\t\t<div class=\"elementor-container elementor-column-gap-default\">\n\t\t\t\t\t<div class=\"elementor-column elementor-col-100 elementor-top-column elementor-element elementor-element-88ff6fe\" data-id=\"88ff6fe\" data-element_type=\"column\" data-e-type=\"column\">\n\t\t\t<div class=\"elementor-widget-wrap elementor-element-populated\">\n\t\t\t\t\t\t<div class=\"elementor-element elementor-element-622cb88 elementor-widget elementor-widget-text-editor\" data-id=\"622cb88\" data-element_type=\"widget\" data-e-type=\"widget\" data-widget_type=\"text-editor.default\">\n\t\t\t\t<div class=\"elementor-widget-container\">\n\t\t\t\t\t\t\t\t\t<p class=\" additional-class-2066140095  bd-content-element\"><b>Biurowiec G21<\/b>\u00a0po\u0142o\u017cony jest w presti\u017cowej, nastrojowej cz\u0119\u015bci Krakowa. W zasi\u0119gu zaledwie 10 minutowego spaceru od Grzeg\u00f3rzeckiej 21 znajdziemy zar\u00f3wno Wawel, Rynek G\u0142\u00f3wny, S\u0105d, Urz\u0105d Miasta, Kazimierz, Dworzec G\u0142\u00f3wny oraz kilka galerii handlowych.<\/p><p class=\" additional-class-1320388497  bd-content-element\">Jednocze\u015bnie, ulica Grzeg\u00f3rzecka jest jedn\u0105 z g\u0142\u00f3wnych arterii komunikacyjnych miasta: stanowi ona fragment wewn\u0119trznej obwodnicy \u015bcis\u0142ego centrum Krakowa. Lokalizacja ta gwarantuje doskona\u0142y dojazd oraz wygodny dost\u0119p do \u015brodk\u00f3w komunikacji publicznej. Budynek jest \u0142atwo osi\u0105galny zar\u00f3wno dla ruchu samochodowego, jak i dla pieszych.<\/p>\t\t\t\t\t\t\t\t<\/div>\n\t\t\t\t<\/div>\n\t\t\t\t\t<\/div>\n\t\t<\/div>\n\t\t\t\t\t<\/div>\n\t\t<\/section>\n\t\t\t\t<section class=\"elementor-section elementor-top-section elementor-element elementor-element-2a87c4c elementor-section-boxed elementor-section-height-default elementor-section-height-default\" data-id=\"2a87c4c\" data-element_type=\"section\" data-e-type=\"section\">\n\t\t\t\t\t\t<div class=\"elementor-container elementor-column-gap-default\">\n\t\t\t\t\t<div class=\"elementor-column elementor-col-100 elementor-top-column elementor-element elementor-element-de6d78e\" data-id=\"de6d78e\" data-element_type=\"column\" data-e-type=\"column\">\n\t\t\t<div class=\"elementor-widget-wrap elementor-element-populated\">\n\t\t\t\t\t\t<div class=\"elementor-element elementor-element-0a46d32 elementor-widget elementor-widget-heading\" data-id=\"0a46d32\" data-element_type=\"widget\" data-e-type=\"widget\" data-widget_type=\"heading.default\">\n\t\t\t\t<div class=\"elementor-widget-container\">\n\t\t\t\t\t<h2 class=\"elementor-heading-title elementor-size-default\">Dojazd do G21\n<\/h2>\t\t\t\t<\/div>\n\t\t\t\t<\/div>\n\t\t\t\t\t<\/div>\n\t\t<\/div>\n\t\t\t\t\t<\/div>\n\t\t<\/section>\n\t\t\t\t<section class=\"elementor-section elementor-top-section elementor-element elementor-element-e5b12a4 elementor-section-boxed elementor-section-height-default elementor-section-height-default\" data-id=\"e5b12a4\" data-element_type=\"section\" data-e-type=\"section\">\n\t\t\t\t\t\t<div class=\"elementor-container elementor-column-gap-default\">\n\t\t\t\t\t<div class=\"elementor-column elementor-col-50 elementor-top-column elementor-element elementor-element-57c2067\" data-id=\"57c2067\" data-element_type=\"column\" data-e-type=\"column\">\n\t\t\t<div class=\"elementor-widget-wrap elementor-element-populated\">\n\t\t\t\t\t\t<div class=\"elementor-element elementor-element-9f4ca3c elementor-widget elementor-widget-heading\" data-id=\"9f4ca3c\" data-element_type=\"widget\" data-e-type=\"widget\" data-widget_type=\"heading.default\">\n\t\t\t\t<div class=\"elementor-widget-container\">\n\t\t\t\t\t<h2 class=\"elementor-heading-title elementor-size-default\">Samochodem:\n<\/h2>\t\t\t\t<\/div>\n\t\t\t\t<\/div>\n\t\t\t\t<div class=\"elementor-element elementor-element-34ab72b elementor-icon-list--layout-traditional elementor-list-item-link-full_width elementor-widget elementor-widget-icon-list\" data-id=\"34ab72b\" data-element_type=\"widget\" data-e-type=\"widget\" data-widget_type=\"icon-list.default\">\n\t\t\t\t<div class=\"elementor-widget-container\">\n\t\t\t\t\t\t\t<ul class=\"elementor-icon-list-items\">\n\t\t\t\t\t\t\t<li class=\"elementor-icon-list-item\">\n\t\t\t\t\t\t\t\t\t\t\t<span class=\"elementor-icon-list-icon\">\n\t\t\t\t\t\t\t<i aria-hidden=\"true\" class=\"fas fa-check\"><\/i>\t\t\t\t\t\t<\/span>\n\t\t\t\t\t\t\t\t\t\t<span class=\"elementor-icon-list-text\">10 minut do jednego z g\u0142\u00f3wnych w\u0119z\u0142\u00f3w komunikacyjnych Krakowa - Rondo Matecznego <\/span>\n\t\t\t\t\t\t\t\t\t<\/li>\n\t\t\t\t\t\t\t\t<li class=\"elementor-icon-list-item\">\n\t\t\t\t\t\t\t\t\t\t\t<span class=\"elementor-icon-list-icon\">\n\t\t\t\t\t\t\t<i aria-hidden=\"true\" class=\"fas fa-check\"><\/i>\t\t\t\t\t\t<\/span>\n\t\t\t\t\t\t\t\t\t\t<span class=\"elementor-icon-list-text\">5 minut do Rynku i Dworca G\u0142\u00f3wnego <\/span>\n\t\t\t\t\t\t\t\t\t<\/li>\n\t\t\t\t\t\t\t\t<li class=\"elementor-icon-list-item\">\n\t\t\t\t\t\t\t\t\t\t\t<span class=\"elementor-icon-list-icon\">\n\t\t\t\t\t\t\t<i aria-hidden=\"true\" class=\"fas fa-check\"><\/i>\t\t\t\t\t\t<\/span>\n\t\t\t\t\t\t\t\t\t\t<span class=\"elementor-icon-list-text\">20 minut do obwodnicy Krakowa i autostrady A4 (8 km) <\/span>\n\t\t\t\t\t\t\t\t\t<\/li>\n\t\t\t\t\t\t\t\t<li class=\"elementor-icon-list-item\">\n\t\t\t\t\t\t\t\t\t\t\t<span class=\"elementor-icon-list-icon\">\n\t\t\t\t\t\t\t<i aria-hidden=\"true\" class=\"fas fa-check\"><\/i>\t\t\t\t\t\t<\/span>\n\t\t\t\t\t\t\t\t\t\t<span class=\"elementor-icon-list-text\">25 minut do Mi\u0119dzynarodowego Portu Lotniczego im. Jana Paw\u0142a II w Balicach <\/span>\n\t\t\t\t\t\t\t\t\t<\/li>\n\t\t\t\t\t\t<\/ul>\n\t\t\t\t\t\t<\/div>\n\t\t\t\t<\/div>\n\t\t\t\t<div class=\"elementor-element elementor-element-7fc2852 elementor-widget elementor-widget-heading\" data-id=\"7fc2852\" data-element_type=\"widget\" data-e-type=\"widget\" data-widget_type=\"heading.default\">\n\t\t\t\t<div class=\"elementor-widget-container\">\n\t\t\t\t\t<h2 class=\"elementor-heading-title elementor-size-default\">Autobusem:<\/h2>\t\t\t\t<\/div>\n\t\t\t\t<\/div>\n\t\t\t\t<div class=\"elementor-element elementor-element-978c46d elementor-icon-list--layout-traditional elementor-list-item-link-full_width elementor-widget elementor-widget-icon-list\" data-id=\"978c46d\" data-element_type=\"widget\" data-e-type=\"widget\" data-widget_type=\"icon-list.default\">\n\t\t\t\t<div class=\"elementor-widget-container\">\n\t\t\t\t\t\t\t<ul class=\"elementor-icon-list-items\">\n\t\t\t\t\t\t\t<li class=\"elementor-icon-list-item\">\n\t\t\t\t\t\t\t\t\t\t\t<span class=\"elementor-icon-list-icon\">\n\t\t\t\t\t\t\t<i aria-hidden=\"true\" class=\"fas fa-check\"><\/i>\t\t\t\t\t\t<\/span>\n\t\t\t\t\t\t\t\t\t\t<span class=\"elementor-icon-list-text\">Linie autobusowe: 125, 184, 625 <\/span>\n\t\t\t\t\t\t\t\t\t<\/li>\n\t\t\t\t\t\t<\/ul>\n\t\t\t\t\t\t<\/div>\n\t\t\t\t<\/div>\n\t\t\t\t<div class=\"elementor-element elementor-element-ec3c361 elementor-widget elementor-widget-heading\" data-id=\"ec3c361\" data-element_type=\"widget\" data-e-type=\"widget\" data-widget_type=\"heading.default\">\n\t\t\t\t<div class=\"elementor-widget-container\">\n\t\t\t\t\t<h2 class=\"elementor-heading-title elementor-size-default\">Tramwajem:\n<\/h2>\t\t\t\t<\/div>\n\t\t\t\t<\/div>\n\t\t\t\t<div class=\"elementor-element elementor-element-944cd34 elementor-icon-list--layout-traditional elementor-list-item-link-full_width elementor-widget elementor-widget-icon-list\" data-id=\"944cd34\" data-element_type=\"widget\" data-e-type=\"widget\" data-widget_type=\"icon-list.default\">\n\t\t\t\t<div class=\"elementor-widget-container\">\n\t\t\t\t\t\t\t<ul class=\"elementor-icon-list-items\">\n\t\t\t\t\t\t\t<li class=\"elementor-icon-list-item\">\n\t\t\t\t\t\t\t\t\t\t\t<span class=\"elementor-icon-list-icon\">\n\t\t\t\t\t\t\t<i aria-hidden=\"true\" class=\"fas fa-check\"><\/i>\t\t\t\t\t\t<\/span>\n\t\t\t\t\t\t\t\t\t\t<span class=\"elementor-icon-list-text\">Linie tramwajowe: 1, 9, 14, 20, 22, 50, 62 <\/span>\n\t\t\t\t\t\t\t\t\t<\/li>\n\t\t\t\t\t\t<\/ul>\n\t\t\t\t\t\t<\/div>\n\t\t\t\t<\/div>\n\t\t\t\t<div class=\"elementor-element elementor-element-fe96ec0 elementor-widget elementor-widget-heading\" data-id=\"fe96ec0\" data-element_type=\"widget\" data-e-type=\"widget\" data-widget_type=\"heading.default\">\n\t\t\t\t<div class=\"elementor-widget-container\">\n\t\t\t\t\t<h2 class=\"elementor-heading-title elementor-size-default\">Poci\u0105giem\n<\/h2>\t\t\t\t<\/div>\n\t\t\t\t<\/div>\n\t\t\t\t<div class=\"elementor-element elementor-element-e7f5015 elementor-icon-list--layout-traditional elementor-list-item-link-full_width elementor-widget elementor-widget-icon-list\" data-id=\"e7f5015\" data-element_type=\"widget\" data-e-type=\"widget\" data-widget_type=\"icon-list.default\">\n\t\t\t\t<div class=\"elementor-widget-container\">\n\t\t\t\t\t\t\t<ul class=\"elementor-icon-list-items\">\n\t\t\t\t\t\t\t<li class=\"elementor-icon-list-item\">\n\t\t\t\t\t\t\t\t\t\t\t<span class=\"elementor-icon-list-icon\">\n\t\t\t\t\t\t\t<i aria-hidden=\"true\" class=\"fas fa-check\"><\/i>\t\t\t\t\t\t<\/span>\n\t\t\t\t\t\t\t\t\t\t<span class=\"elementor-icon-list-text\">PKP \/ Stacja Krak\u00f3w Dworzec G\u0142\u00f3wny <\/span>\n\t\t\t\t\t\t\t\t\t<\/li>\n\t\t\t\t\t\t<\/ul>\n\t\t\t\t\t\t<\/div>\n\t\t\t\t<\/div>\n\t\t\t\t\t<\/div>\n\t\t<\/div>\n\t\t\t\t<div class=\"elementor-column elementor-col-50 elementor-top-column elementor-element elementor-element-63f668e\" data-id=\"63f668e\" data-element_type=\"column\" data-e-type=\"column\">\n\t\t\t<div class=\"elementor-widget-wrap elementor-element-populated\">\n\t\t\t\t\t\t<div class=\"elementor-element elementor-element-ccffbcc elementor-widget elementor-widget-google_maps\" data-id=\"ccffbcc\" data-element_type=\"widget\" data-e-type=\"widget\" data-widget_type=\"google_maps.default\">\n\t\t\t\t<div class=\"elementor-widget-container\">\n\t\t\t\t\t\t\t<div class=\"elementor-custom-embed\">\n\t\t\t<iframe loading=\"lazy\"\n\t\t\t\t\tsrc=\"https:\/\/maps.google.com\/maps?q=%2CGrzeg%C3%B3rzecka%2021%2C%2033-332%20Krak%C3%B3w&#038;t=m&#038;z=12&#038;output=embed&#038;iwloc=near\"\n\t\t\t\t\ttitle=\",Grzeg\u00f3rzecka 21, 33-332 Krak\u00f3w\"\n\t\t\t\t\taria-label=\",Grzeg\u00f3rzecka 21, 33-332 Krak\u00f3w\"\n\t\t\t><\/iframe>\n\t\t<\/div>\n\t\t\t\t\t\t<\/div>\n\t\t\t\t<\/div>\n\t\t\t\t\t<\/div>\n\t\t<\/div>\n\t\t\t\t\t<\/div>\n\t\t<\/section>\n\t\t\t\t<\/div>\n\t\t","protected":false},"excerpt":{"rendered":"<p>Lokalizacja WYMARZONA LOKALIZACJA W PRESTI\u017bOWEJ CZ\u0118\u015aCI KRAKOWA Biurowiec G21\u00a0po\u0142o\u017cony jest w presti\u017cowej, nastrojowej cz\u0119\u015bci Krakowa. W zasi\u0119gu zaledwie 10 minutowego spaceru od Grzeg\u00f3rzeckiej 21 znajdziemy zar\u00f3wno Wawel, Rynek G\u0142\u00f3wny, S\u0105d, Urz\u0105d Miasta, Kazimierz, Dworzec G\u0142\u00f3wny oraz kilka galerii handlowych. Jednocze\u015bnie, ulica Grzeg\u00f3rzecka jest jedn\u0105 z g\u0142\u00f3wnych arterii komunikacyjnych miasta: stanowi ona fragment wewn\u0119trznej obwodnicy \u015bcis\u0142ego [&hellip;]<\/p>\n","protected":false},"author":1,"featured_media":0,"parent":0,"menu_order":0,"comment_status":"closed","ping_status":"closed","template":"","meta":{"site-sidebar-layout":"no-sidebar","site-content-layout":"page-builder","ast-site-content-layout":"default","site-content-style":"default","site-sidebar-style":"default","ast-global-header-display":"","ast-banner-title-visibility":"","ast-main-header-display":"","ast-hfb-above-header-display":"","ast-hfb-below-header-display":"","ast-hfb-mobile-header-display":"","site-post-title":"disabled","ast-breadcrumbs-content":"","ast-featured-img":"disabled","footer-sml-layout":"","ast-disable-related-posts":"","theme-transparent-header-meta":"","adv-header-id-meta":"","stick-header-meta":"","header-above-stick-meta":"","header-main-stick-meta":"","header-below-stick-meta":"","astra-migrate-meta-layouts":"default","ast-page-background-enabled":"default","ast-page-background-meta":{"desktop":{"background-color":"var(--ast-global-color-4)","background-image":"","background-repeat":"repeat","background-position":"center center","background-size":"auto","background-attachment":"scroll","background-type":"","background-media":"","overlay-type":"","overlay-color":"","overlay-opacity":"","overlay-gradient":""},"tablet":{"background-color":"","background-image":"","background-repeat":"repeat","background-position":"center center","background-size":"auto","background-attachment":"scroll","background-type":"","background-media":"","overlay-type":"","overlay-color":"","overlay-opacity":"","overlay-gradient":""},"mobile":{"background-color":"","background-image":"","background-repeat":"repeat","background-position":"center center","background-size":"auto","background-attachment":"scroll","background-type":"","background-media":"","overlay-type":"","overlay-color":"","overlay-opacity":"","overlay-gradient":""}},"ast-content-background-meta":{"desktop":{"background-color":"var(--ast-global-color-5)","background-image":"","background-repeat":"repeat","background-position":"center center","background-size":"auto","background-attachment":"scroll","background-type":"","background-media":"","overlay-type":"","overlay-color":"","overlay-opacity":"","overlay-gradient":""},"tablet":{"background-color":"var(--ast-global-color-5)","background-image":"","background-repeat":"repeat","background-position":"center center","background-size":"auto","background-attachment":"scroll","background-type":"","background-media":"","overlay-type":"","overlay-color":"","overlay-opacity":"","overlay-gradient":""},"mobile":{"background-color":"var(--ast-global-color-5)","background-image":"","background-repeat":"repeat","background-position":"center center","background-size":"auto","background-attachment":"scroll","background-type":"","background-media":"","overlay-type":"","overlay-color":"","overlay-opacity":"","overlay-gradient":""}},"footnotes":""},"class_list":["post-137","page","type-page","status-publish","hentry"],"yoast_head":"<!-- This site is optimized with the Yoast SEO plugin v26.9 - https:\/\/yoast.com\/product\/yoast-seo-wordpress\/ -->\n<title>Lokalizacja - G21 - biura do wynaj\u0119cia<\/title>\n<meta name=\"robots\" content=\"index, follow, max-snippet:-1, max-image-preview:large, max-video-preview:-1\" \/>\n<link rel=\"canonical\" href=\"https:\/\/g21.com.pl\/en\/lokalizacja\/\" \/>\n<meta property=\"og:locale\" content=\"en_GB\" \/>\n<meta property=\"og:type\" content=\"article\" \/>\n<meta property=\"og:title\" content=\"Lokalizacja - G21 - biura do wynaj\u0119cia\" \/>\n<meta property=\"og:description\" content=\"Lokalizacja WYMARZONA LOKALIZACJA W PRESTI\u017bOWEJ CZ\u0118\u015aCI KRAKOWA Biurowiec G21\u00a0po\u0142o\u017cony jest w presti\u017cowej, nastrojowej cz\u0119\u015bci Krakowa. W zasi\u0119gu zaledwie 10 minutowego spaceru od Grzeg\u00f3rzeckiej 21 znajdziemy zar\u00f3wno Wawel, Rynek G\u0142\u00f3wny, S\u0105d, Urz\u0105d Miasta, Kazimierz, Dworzec G\u0142\u00f3wny oraz kilka galerii handlowych. Jednocze\u015bnie, ulica Grzeg\u00f3rzecka jest jedn\u0105 z g\u0142\u00f3wnych arterii komunikacyjnych miasta: stanowi ona fragment wewn\u0119trznej obwodnicy \u015bcis\u0142ego [&hellip;]\" \/>\n<meta property=\"og:url\" content=\"https:\/\/g21.com.pl\/en\/lokalizacja\/\" \/>\n<meta property=\"og:site_name\" content=\"G21 - biura do wynaj\u0119cia\" \/>\n<meta property=\"article:modified_time\" content=\"2023-03-03T12:44:02+00:00\" \/>\n<meta name=\"twitter:card\" content=\"summary_large_image\" \/>\n<meta name=\"twitter:label1\" content=\"Estimated reading time\" \/>\n\t<meta name=\"twitter:data1\" content=\"1 minute\" \/>\n<script type=\"application\/ld+json\" class=\"yoast-schema-graph\">{\"@context\":\"https:\/\/schema.org\",\"@graph\":[{\"@type\":\"WebPage\",\"@id\":\"https:\/\/g21.com.pl\/lokalizacja\/\",\"url\":\"https:\/\/g21.com.pl\/lokalizacja\/\",\"name\":\"Lokalizacja - G21 - biura do wynaj\u0119cia\",\"isPartOf\":{\"@id\":\"https:\/\/g21.com.pl\/en\/#website\"},\"datePublished\":\"2023-03-03T10:05:06+00:00\",\"dateModified\":\"2023-03-03T12:44:02+00:00\",\"breadcrumb\":{\"@id\":\"https:\/\/g21.com.pl\/lokalizacja\/#breadcrumb\"},\"inLanguage\":\"en-GB\",\"potentialAction\":[{\"@type\":\"ReadAction\",\"target\":[\"https:\/\/g21.com.pl\/lokalizacja\/\"]}]},{\"@type\":\"BreadcrumbList\",\"@id\":\"https:\/\/g21.com.pl\/lokalizacja\/#breadcrumb\",\"itemListElement\":[{\"@type\":\"ListItem\",\"position\":1,\"name\":\"Strona g\u0142\u00f3wna\",\"item\":\"https:\/\/g21.com.pl\/\"},{\"@type\":\"ListItem\",\"position\":2,\"name\":\"Lokalizacja\"}]},{\"@type\":\"WebSite\",\"@id\":\"https:\/\/g21.com.pl\/en\/#website\",\"url\":\"https:\/\/g21.com.pl\/en\/\",\"name\":\"G21 - biura do wynaj\u0119cia\",\"description\":\"\",\"publisher\":{\"@id\":\"https:\/\/g21.com.pl\/en\/#organization\"},\"potentialAction\":[{\"@type\":\"SearchAction\",\"target\":{\"@type\":\"EntryPoint\",\"urlTemplate\":\"https:\/\/g21.com.pl\/en\/?s={search_term_string}\"},\"query-input\":{\"@type\":\"PropertyValueSpecification\",\"valueRequired\":true,\"valueName\":\"search_term_string\"}}],\"inLanguage\":\"en-GB\"},{\"@type\":\"Organization\",\"@id\":\"https:\/\/g21.com.pl\/en\/#organization\",\"name\":\"G21 Sp. z o.o.\",\"url\":\"https:\/\/g21.com.pl\/en\/\",\"logo\":{\"@type\":\"ImageObject\",\"inLanguage\":\"en-GB\",\"@id\":\"https:\/\/g21.com.pl\/en\/#\/schema\/logo\/image\/\",\"url\":\"https:\/\/g21.com.pl\/wp-content\/uploads\/2021\/11\/x50d841a02f29e6f600844003ccf3eb35_logog21.png.pagespeed.ic_.0kkdjgo5x1.webp\",\"contentUrl\":\"https:\/\/g21.com.pl\/wp-content\/uploads\/2021\/11\/x50d841a02f29e6f600844003ccf3eb35_logog21.png.pagespeed.ic_.0kkdjgo5x1.webp\",\"width\":359,\"height\":196,\"caption\":\"G21 Sp. z o.o.\"},\"image\":{\"@id\":\"https:\/\/g21.com.pl\/en\/#\/schema\/logo\/image\/\"}}]}<\/script>\n<!-- \/ Yoast SEO plugin. -->","yoast_head_json":{"title":"Lokalizacja - G21 - biura do wynaj\u0119cia","robots":{"index":"index","follow":"follow","max-snippet":"max-snippet:-1","max-image-preview":"max-image-preview:large","max-video-preview":"max-video-preview:-1"},"canonical":"https:\/\/g21.com.pl\/en\/lokalizacja\/","og_locale":"en_GB","og_type":"article","og_title":"Lokalizacja - G21 - biura do wynaj\u0119cia","og_description":"Lokalizacja WYMARZONA LOKALIZACJA W PRESTI\u017bOWEJ CZ\u0118\u015aCI KRAKOWA Biurowiec G21\u00a0po\u0142o\u017cony jest w presti\u017cowej, nastrojowej cz\u0119\u015bci Krakowa. W zasi\u0119gu zaledwie 10 minutowego spaceru od Grzeg\u00f3rzeckiej 21 znajdziemy zar\u00f3wno Wawel, Rynek G\u0142\u00f3wny, S\u0105d, Urz\u0105d Miasta, Kazimierz, Dworzec G\u0142\u00f3wny oraz kilka galerii handlowych. Jednocze\u015bnie, ulica Grzeg\u00f3rzecka jest jedn\u0105 z g\u0142\u00f3wnych arterii komunikacyjnych miasta: stanowi ona fragment wewn\u0119trznej obwodnicy \u015bcis\u0142ego [&hellip;]","og_url":"https:\/\/g21.com.pl\/en\/lokalizacja\/","og_site_name":"G21 - biura do wynaj\u0119cia","article_modified_time":"2023-03-03T12:44:02+00:00","twitter_card":"summary_large_image","twitter_misc":{"Estimated reading time":"1 minute"},"schema":{"@context":"https:\/\/schema.org","@graph":[{"@type":"WebPage","@id":"https:\/\/g21.com.pl\/lokalizacja\/","url":"https:\/\/g21.com.pl\/lokalizacja\/","name":"Lokalizacja - G21 - biura do wynaj\u0119cia","isPartOf":{"@id":"https:\/\/g21.com.pl\/en\/#website"},"datePublished":"2023-03-03T10:05:06+00:00","dateModified":"2023-03-03T12:44:02+00:00","breadcrumb":{"@id":"https:\/\/g21.com.pl\/lokalizacja\/#breadcrumb"},"inLanguage":"en-GB","potentialAction":[{"@type":"ReadAction","target":["https:\/\/g21.com.pl\/lokalizacja\/"]}]},{"@type":"BreadcrumbList","@id":"https:\/\/g21.com.pl\/lokalizacja\/#breadcrumb","itemListElement":[{"@type":"ListItem","position":1,"name":"Strona g\u0142\u00f3wna","item":"https:\/\/g21.com.pl\/"},{"@type":"ListItem","position":2,"name":"Lokalizacja"}]},{"@type":"WebSite","@id":"https:\/\/g21.com.pl\/en\/#website","url":"https:\/\/g21.com.pl\/en\/","name":"G21 - biura do wynaj\u0119cia","description":"","publisher":{"@id":"https:\/\/g21.com.pl\/en\/#organization"},"potentialAction":[{"@type":"SearchAction","target":{"@type":"EntryPoint","urlTemplate":"https:\/\/g21.com.pl\/en\/?s={search_term_string}"},"query-input":{"@type":"PropertyValueSpecification","valueRequired":true,"valueName":"search_term_string"}}],"inLanguage":"en-GB"},{"@type":"Organization","@id":"https:\/\/g21.com.pl\/en\/#organization","name":"G21 Sp. z o.o.","url":"https:\/\/g21.com.pl\/en\/","logo":{"@type":"ImageObject","inLanguage":"en-GB","@id":"https:\/\/g21.com.pl\/en\/#\/schema\/logo\/image\/","url":"https:\/\/g21.com.pl\/wp-content\/uploads\/2021\/11\/x50d841a02f29e6f600844003ccf3eb35_logog21.png.pagespeed.ic_.0kkdjgo5x1.webp","contentUrl":"https:\/\/g21.com.pl\/wp-content\/uploads\/2021\/11\/x50d841a02f29e6f600844003ccf3eb35_logog21.png.pagespeed.ic_.0kkdjgo5x1.webp","width":359,"height":196,"caption":"G21 Sp. z o.o."},"image":{"@id":"https:\/\/g21.com.pl\/en\/#\/schema\/logo\/image\/"}}]}},"_links":{"self":[{"href":"https:\/\/g21.com.pl\/en\/wp-json\/wp\/v2\/pages\/137","targetHints":{"allow":["GET"]}}],"collection":[{"href":"https:\/\/g21.com.pl\/en\/wp-json\/wp\/v2\/pages"}],"about":[{"href":"https:\/\/g21.com.pl\/en\/wp-json\/wp\/v2\/types\/page"}],"author":[{"embeddable":true,"href":"https:\/\/g21.com.pl\/en\/wp-json\/wp\/v2\/users\/1"}],"replies":[{"embeddable":true,"href":"https:\/\/g21.com.pl\/en\/wp-json\/wp\/v2\/comments?post=137"}],"version-history":[{"count":37,"href":"https:\/\/g21.com.pl\/en\/wp-json\/wp\/v2\/pages\/137\/revisions"}],"predecessor-version":[{"id":436,"href":"https:\/\/g21.com.pl\/en\/wp-json\/wp\/v2\/pages\/137\/revisions\/436"}],"wp:attachment":[{"href":"https:\/\/g21.com.pl\/en\/wp-json\/wp\/v2\/media?parent=137"}],"curies":[{"name":"wp","href":"https:\/\/api.w.org\/{rel}","templated":true}]}}